{"id":464,"date":"2023-07-14T12:18:19","date_gmt":"2023-07-14T10:18:19","guid":{"rendered":"https:\/\/theferretofcomets.com\/?page_id=464"},"modified":"2024-08-24T12:16:48","modified_gmt":"2024-08-24T10:16:48","slug":"lista-de-objectos-finest-rasc","status":"publish","type":"page","link":"https:\/\/theferretofcomets.com\/index.php\/lista-de-objectos-finest-rasc\/","title":{"rendered":"RASC&#8217;s Finest NGC"},"content":{"rendered":"\n<p>La lista de objetos<em> RASC&#8217;s Finest NGC<\/em> es una de mis listas favoritas. La descubr\u00ed al poco de recuperar mi pasi\u00f3n por la astronom\u00eda de manera sistem\u00e1tica y volver a salir con mi antiguo 90mm. Es una lista ofrecida por la prestigiosa Royal Astronomical Society of Canada. Para m\u00e1s informaci\u00f3n consultar su web: <a href=\"https:\/\/www.rasc.ca\/finest-ngc-objects\" target=\"_blank\" rel=\"noreferrer noopener\">https:\/\/www.rasc.ca\/finest-ngc-objects<\/a><\/p>\n\n\n\n<figure class=\"wp-block-table is-style-regular coblocks-animate\" style=\"font-size:16px\" data-coblocks-animation=\"fadeIn\"><table class=\"has-secondary-color has-background-background-color has-text-color has-background\"><tbody><tr><td class=\"has-text-align-center\" data-align=\"center\">IC 289<\/td><td class=\"has-text-align-center\" data-align=\"center\"><a href=\"https:\/\/theferretofcomets.com\/wp-content\/uploads\/fichas\/ngc40_inv.pdf\" target=\"_blank\" rel=\"noreferrer noopener\">NGC 40<\/a><\/td><td class=\"has-text-align-center\" data-align=\"center\">NGC 185<\/td><td class=\"has-text-align-center\" data-align=\"center\">NGC 246<\/td><td class=\"has-text-align-center\" data-align=\"center\">NGC 253<\/td><td class=\"has-text-align-center\" data-align=\"center\">NGC 281<\/td><td class=\"has-text-align-center\" data-align=\"center\">NGC 457<\/td><td class=\"has-text-align-center\" data-align=\"center\">NGC 663<\/td><td class=\"has-text-align-center\" data-align=\"center\">NGC 772<\/td><td class=\"has-text-align-center\" data-align=\"center\">NGC 869<\/td><\/tr><tr><td class=\"has-text-align-center\" data-align=\"center\">NGC 884<\/td><td class=\"has-text-align-center\" data-align=\"center\">NGC 891<\/td><td class=\"has-text-align-center\" data-align=\"center\">NGC 936<\/td><td class=\"has-text-align-center\" data-align=\"center\">NGC 1023<\/td><td class=\"has-text-align-center\" data-align=\"center\">NGC 1232<\/td><td class=\"has-text-align-center\" data-align=\"center\">NGC 1491<\/td><td class=\"has-text-align-center\" data-align=\"center\">NGC 1501<\/td><td class=\"has-text-align-center\" data-align=\"center\">NGC 1514<\/td><td class=\"has-text-align-center\" data-align=\"center\">NGC 1535<\/td><td class=\"has-text-align-center\" data-align=\"center\">NGC 1788<\/td><\/tr><tr><td class=\"has-text-align-center\" data-align=\"center\">NGC 1931<\/td><td class=\"has-text-align-center\" data-align=\"center\">NGC 1975<\/td><td class=\"has-text-align-center\" data-align=\"center\">NGC 1977<\/td><td class=\"has-text-align-center\" data-align=\"center\">NGC 2022<\/td><td class=\"has-text-align-center\" data-align=\"center\">NGC 2024<\/td><td class=\"has-text-align-center\" data-align=\"center\">NGC 2172<\/td><td class=\"has-text-align-center\" data-align=\"center\">NGC 2194<\/td><td class=\"has-text-align-center\" data-align=\"center\">NGC 2237<\/td><td class=\"has-text-align-center\" data-align=\"center\">NGC 2261<\/td><td class=\"has-text-align-center\" data-align=\"center\">NGC 2359<\/td><\/tr><tr><td class=\"has-text-align-center\" data-align=\"center\">NGC 2403<\/td><td class=\"has-text-align-center\" data-align=\"center\">NGC 2440<\/td><td class=\"has-text-align-center\" data-align=\"center\">NGC 2539<\/td><td class=\"has-text-align-center\" data-align=\"center\">NGC 2655<\/td><td class=\"has-text-align-center\" data-align=\"center\">NGC 2683<\/td><td class=\"has-text-align-center\" data-align=\"center\">NGC 2841<\/td><td class=\"has-text-align-center\" data-align=\"center\">NGC 2903<\/td><td class=\"has-text-align-center\" data-align=\"center\">NGC 3003<\/td><td class=\"has-text-align-center\" data-align=\"center\">NGC 3079<\/td><td class=\"has-text-align-center\" data-align=\"center\">NGC 3115<\/td><\/tr><tr><td class=\"has-text-align-center\" data-align=\"center\">NGC 3184<\/td><td class=\"has-text-align-center\" data-align=\"center\">NGC 3242<\/td><td class=\"has-text-align-center\" data-align=\"center\">NGC 3344<\/td><td class=\"has-text-align-center\" data-align=\"center\">NGC 3384<\/td><td class=\"has-text-align-center\" data-align=\"center\">NGC 3432<\/td><td class=\"has-text-align-center\" data-align=\"center\">NGC 3521<\/td><td class=\"has-text-align-center\" data-align=\"center\">NGC 3607<\/td><td class=\"has-text-align-center\" data-align=\"center\"><a href=\"https:\/\/theferretofcomets.com\/wp-content\/uploads\/fichas\/ngc3628_inv.pdf\" target=\"_blank\" rel=\"noreferrer noopener\">NGC 3628<\/a><\/td><td class=\"has-text-align-center\" data-align=\"center\">NGC 3877<\/td><td class=\"has-text-align-center\" data-align=\"center\">NGC 3941<\/td><\/tr><tr><td class=\"has-text-align-center\" data-align=\"center\">NGC 4026<\/td><td class=\"has-text-align-center\" data-align=\"center\">NGC 4038<\/td><td class=\"has-text-align-center\" data-align=\"center\">NGC 4039<\/td><td class=\"has-text-align-center\" data-align=\"center\">NGC 4088<\/td><td class=\"has-text-align-center\" data-align=\"center\">NGC 4111<\/td><td class=\"has-text-align-center\" data-align=\"center\">NGC 4157<\/td><td class=\"has-text-align-center\" data-align=\"center\">NGC 4214<\/td><td class=\"has-text-align-center\" data-align=\"center\">NGC 4216<\/td><td class=\"has-text-align-center\" data-align=\"center\">NGC 4244<\/td><td class=\"has-text-align-center\" data-align=\"center\">NGC 4274<\/td><\/tr><tr><td class=\"has-text-align-center\" data-align=\"center\">NGC 4361<\/td><td class=\"has-text-align-center\" data-align=\"center\">NGC 4388<\/td><td class=\"has-text-align-center\" data-align=\"center\">NGC 4449 <\/td><td class=\"has-text-align-center\" data-align=\"center\">NGC 4490 <\/td><td class=\"has-text-align-center\" data-align=\"center\">NGC 4517<\/td><td class=\"has-text-align-center\" data-align=\"center\">NGC 4526 <\/td><td class=\"has-text-align-center\" data-align=\"center\">NGC 4567<\/td><td class=\"has-text-align-center\" data-align=\"center\">NGC 4568 <\/td><td class=\"has-text-align-center\" data-align=\"center\">NGC 4605 <\/td><td class=\"has-text-align-center\" data-align=\"center\">NGC 4631 <\/td><\/tr><tr><td class=\"has-text-align-center\" data-align=\"center\">NGC 4656<\/td><td class=\"has-text-align-center\" data-align=\"center\">NGC 4699 <\/td><td class=\"has-text-align-center\" data-align=\"center\">NGC 4725 <\/td><td class=\"has-text-align-center\" data-align=\"center\">NGC 4762 <\/td><td class=\"has-text-align-center\" data-align=\"center\">NGC 5005 <\/td><td class=\"has-text-align-center\" data-align=\"center\">NGC 5033 <\/td><td class=\"has-text-align-center\" data-align=\"center\">NGC 5466 <\/td><td class=\"has-text-align-center\" data-align=\"center\">NGC 5746 <\/td><td class=\"has-text-align-center\" data-align=\"center\"><a href=\"https:\/\/theferretofcomets.com\/wp-content\/uploads\/fichas\/ngc5907_inv.pdf\" target=\"_blank\" rel=\"noreferrer noopener\">NGC 5907<\/a><\/td><td class=\"has-text-align-center\" data-align=\"center\">NGC 6210<\/td><\/tr><tr><td class=\"has-text-align-center\" data-align=\"center\">NGC 6369 <\/td><td class=\"has-text-align-center\" data-align=\"center\">NGC 6445 <\/td><td class=\"has-text-align-center\" data-align=\"center\">NGC 6503<\/td><td class=\"has-text-align-center\" data-align=\"center\">NGC 6520 <\/td><td class=\"has-text-align-center\" data-align=\"center\"><a href=\"https:\/\/theferretofcomets.com\/wp-content\/uploads\/fichas\/ngc6543_inv.pdf\" target=\"_blank\" rel=\"noreferrer noopener\">NGC 6543<\/a><\/td><td class=\"has-text-align-center\" data-align=\"center\">NGC 6572 <\/td><td class=\"has-text-align-center\" data-align=\"center\">NGC 6633<\/td><td class=\"has-text-align-center\" data-align=\"center\">NGC 6712<\/td><td class=\"has-text-align-center\" data-align=\"center\">NGC 6781 <\/td><td class=\"has-text-align-center\" data-align=\"center\">NGC 6802 <\/td><\/tr><tr><td class=\"has-text-align-center\" data-align=\"center\">NGC 6818 <\/td><td class=\"has-text-align-center\" data-align=\"center\">NGC 6819 <\/td><td class=\"has-text-align-center\" data-align=\"center\"><a href=\"https:\/\/theferretofcomets.com\/wp-content\/uploads\/fichas\/ngc6826_inv.pdf\" target=\"_blank\" rel=\"noreferrer noopener\">NGC 6826<\/a><\/td><td class=\"has-text-align-center\" data-align=\"center\">NGC 6888<\/td><td class=\"has-text-align-center\" data-align=\"center\">NGC 6939<\/td><td class=\"has-text-align-center\" data-align=\"center\">NGC 6940 <\/td><td class=\"has-text-align-center\" data-align=\"center\">NGC 6946 <\/td><td class=\"has-text-align-center\" data-align=\"center\">NGC 6960 <\/td><td class=\"has-text-align-center\" data-align=\"center\">NGC 6992 <\/td><td class=\"has-text-align-center\" data-align=\"center\">NGC 6995 <\/td><\/tr><tr><td class=\"has-text-align-center\" data-align=\"center\">NGC 7000<\/td><td class=\"has-text-align-center\" data-align=\"center\">NGC 7009 <\/td><td class=\"has-text-align-center\" data-align=\"center\">NGC 7027 <\/td><td class=\"has-text-align-center\" data-align=\"center\">NGC 7129 <\/td><td class=\"has-text-align-center\" data-align=\"center\">NGC 7293 <\/td><td class=\"has-text-align-center\" data-align=\"center\"><a href=\"https:\/\/theferretofcomets.com\/wp-content\/uploads\/fichas\/ngc7331_inv.pdf\" target=\"_blank\" rel=\"noreferrer noopener\">NGC 7331<\/a><\/td><td class=\"has-text-align-center\" data-align=\"center\">NGC 7635<\/td><td class=\"has-text-align-center\" data-align=\"center\">NGC 7662<\/td><td class=\"has-text-align-center\" data-align=\"center\">NGC 7662<\/td><td class=\"has-text-align-center\" data-align=\"center\">NGC 7789 <\/td><\/tr><\/tbody><\/table><\/figure>\n\n\n\n<h2 class=\"wp-block-heading\">Versi\u00f3n imprimible<\/h2>\n\n\n\n<div class=\"wp-block-columns is-layout-flex wp-container-core-columns-is-layout-9d6595d7 wp-block-columns-is-layout-flex\">\n<div class=\"wp-block-column is-layout-flow wp-block-column-is-layout-flow\">\n<ul class=\"wp-block-list\">\n<li><a href=\"https:\/\/theferretofcomets.com\/wp-content\/uploads\/fichas\/ngc40.pdf\" target=\"_blank\" rel=\"noreferrer noopener\"><\/a><a href=\"https:\/\/theferretofcomets.com\/wp-content\/uploads\/fichas\/ngc40.pdf\"><\/a><a data-type=\"URL\" data-id=\"https:\/\/theferretofcomets.com\/wp-content\/uploads\/fichas\/ficha_m1.pdf\" href=\"https:\/\/theferretofcomets.com\/wp-content\/uploads\/fichas\/ficha_m1.pdf\" target=\"_blank\" rel=\"noreferrer noopener\"><\/a><a href=\"https:\/\/theferretofcomets.com\/wp-content\/uploads\/fichas\/ngc40.pdf\" target=\"_blank\" rel=\"noreferrer noopener\"><img loading=\"lazy\" decoding=\"async\" width=\"16\" height=\"16\" class=\"wp-image-347\" style=\"width: 16px;\" src=\"https:\/\/theferretofcomets.com\/wp-content\/uploads\/2022\/12\/printer-2-16.png\" alt=\"\"> NGC 40<\/a><\/li>\n<\/ul>\n<\/div>\n\n\n\n<div class=\"wp-block-column is-layout-flow wp-block-column-is-layout-flow\">\n<ul class=\"wp-block-list\">\n<li><a href=\"https:\/\/theferretofcomets.com\/wp-content\/uploads\/fichas\/ngc3628.pdf\"><img loading=\"lazy\" decoding=\"async\" width=\"16\" height=\"16\" class=\"wp-image-347\" style=\"width: 16px;\" src=\"https:\/\/theferretofcomets.com\/wp-content\/uploads\/2022\/12\/printer-2-16.png\" alt=\"\"> NGC 3628<\/a><\/li>\n<\/ul>\n<\/div>\n\n\n\n<div class=\"wp-block-column is-layout-flow wp-block-column-is-layout-flow\">\n<ul class=\"wp-block-list\">\n<li><a href=\"https:\/\/theferretofcomets.com\/wp-content\/uploads\/fichas\/ngc5907.pdf\" target=\"_blank\" rel=\"noreferrer noopener\"><img loading=\"lazy\" decoding=\"async\" width=\"16\" height=\"16\" class=\"wp-image-347\" style=\"width: 16px;\" src=\"https:\/\/theferretofcomets.com\/wp-content\/uploads\/2022\/12\/printer-2-16.png\" alt=\"\"> NGC 5907<\/a><\/li>\n\n\n\n<li><a href=\"https:\/\/theferretofcomets.com\/wp-content\/uploads\/fichas\/ngc6543.pdf\" target=\"_blank\" rel=\"noreferrer noopener\"><img loading=\"lazy\" decoding=\"async\" width=\"16\" height=\"16\" class=\"wp-image-347\" style=\"width: 16px;\" src=\"https:\/\/theferretofcomets.com\/wp-content\/uploads\/2022\/12\/printer-2-16.png\" alt=\"\"> NGC 6543<\/a><\/li>\n\n\n\n<li><a href=\"https:\/\/theferretofcomets.com\/wp-content\/uploads\/fichas\/ngc6826.pdf\" target=\"_blank\" rel=\"noreferrer noopener\"><img loading=\"lazy\" decoding=\"async\" width=\"16\" height=\"16\" class=\"wp-image-347\" style=\"width: 16px;\" src=\"https:\/\/theferretofcomets.com\/wp-content\/uploads\/2022\/12\/printer-2-16.png\" alt=\"\"> NGC 6826<\/a><\/li>\n\n\n\n<li><a href=\"https:\/\/theferretofcomets.com\/wp-content\/uploads\/fichas\/ngc7331.pdf\" target=\"_blank\" rel=\"noreferrer noopener\"><img loading=\"lazy\" decoding=\"async\" width=\"16\" height=\"16\" class=\"wp-image-347\" style=\"width: 16px;\" src=\"https:\/\/theferretofcomets.com\/wp-content\/uploads\/2022\/12\/printer-2-16.png\" alt=\"\"> NGC 7331<\/a><\/li>\n<\/ul>\n<\/div>\n<\/div>\n","protected":false},"excerpt":{"rendered":"<p>La lista de objetos RASC&#8217;s Finest NGC es una de mis listas favoritas. La descubr\u00ed al poco de recuperar mi pasi\u00f3n por la astronom\u00eda de manera sistem\u00e1tica y volver a salir con mi antiguo 90mm. Es una lista ofrecida por la prestigiosa Royal Astronomical Society of Canada. Para m\u00e1s informaci\u00f3n consultar su web: https:\/\/www.rasc.ca\/finest-ngc-objects IC [&hellip;]<\/p>\n","protected":false},"author":1,"featured_media":0,"parent":0,"menu_order":0,"comment_status":"closed","ping_status":"closed","template":"","meta":{"_coblocks_attr":"","_coblocks_dimensions":"","_coblocks_responsive_height":"","_coblocks_accordion_ie_support":"","footnotes":""},"class_list":["post-464","page","type-page","status-publish","hentry"],"yoast_head":"<!-- This site is optimized with the Yoast SEO plugin v26.1.1 - https:\/\/yoast.com\/wordpress\/plugins\/seo\/ -->\n<title>RASC&#039;s Finest NGC - El hur\u00f3n de los cometas<\/title>\n<meta name=\"description\" content=\"Lista de objetos finest RASC proporcionada por la Royal Astronomy Society de Canada\" \/>\n<meta name=\"robots\" content=\"index, follow, max-snippet:-1, max-image-preview:large, max-video-preview:-1\" \/>\n<link rel=\"canonical\" href=\"https:\/\/theferretofcomets.com\/index.php\/lista-de-objectos-finest-rasc\/\" \/>\n<meta property=\"og:locale\" content=\"es_ES\" \/>\n<meta property=\"og:type\" content=\"article\" \/>\n<meta property=\"og:title\" content=\"RASC&#039;s Finest NGC - El hur\u00f3n de los cometas\" \/>\n<meta property=\"og:description\" content=\"Lista de objetos finest RASC proporcionada por la Royal Astronomy Society de Canada\" \/>\n<meta property=\"og:url\" content=\"https:\/\/theferretofcomets.com\/index.php\/lista-de-objectos-finest-rasc\/\" \/>\n<meta property=\"og:site_name\" content=\"El hur\u00f3n de los cometas\" \/>\n<meta property=\"article:modified_time\" content=\"2024-08-24T10:16:48+00:00\" \/>\n<meta property=\"og:image\" content=\"https:\/\/theferretofcomets.com\/wp-content\/uploads\/2022\/12\/printer-2-16.png\" \/>\n<meta name=\"twitter:card\" content=\"summary_large_image\" \/>\n<meta name=\"twitter:label1\" content=\"Tiempo de lectura\" \/>\n\t<meta name=\"twitter:data1\" content=\"3 minutos\" \/>\n<script type=\"application\/ld+json\" class=\"yoast-schema-graph\">{\"@context\":\"https:\/\/schema.org\",\"@graph\":[{\"@type\":\"WebPage\",\"@id\":\"https:\/\/theferretofcomets.com\/index.php\/lista-de-objectos-finest-rasc\/\",\"url\":\"https:\/\/theferretofcomets.com\/index.php\/lista-de-objectos-finest-rasc\/\",\"name\":\"RASC's Finest NGC - El hur\u00f3n de los cometas\",\"isPartOf\":{\"@id\":\"https:\/\/theferretofcomets.com\/#website\"},\"primaryImageOfPage\":{\"@id\":\"https:\/\/theferretofcomets.com\/index.php\/lista-de-objectos-finest-rasc\/#primaryimage\"},\"image\":{\"@id\":\"https:\/\/theferretofcomets.com\/index.php\/lista-de-objectos-finest-rasc\/#primaryimage\"},\"thumbnailUrl\":\"https:\/\/theferretofcomets.com\/wp-content\/uploads\/2022\/12\/printer-2-16.png\",\"datePublished\":\"2023-07-14T10:18:19+00:00\",\"dateModified\":\"2024-08-24T10:16:48+00:00\",\"description\":\"Lista de objetos finest RASC proporcionada por la Royal Astronomy Society de Canada\",\"breadcrumb\":{\"@id\":\"https:\/\/theferretofcomets.com\/index.php\/lista-de-objectos-finest-rasc\/#breadcrumb\"},\"inLanguage\":\"es\",\"potentialAction\":[{\"@type\":\"ReadAction\",\"target\":[\"https:\/\/theferretofcomets.com\/index.php\/lista-de-objectos-finest-rasc\/\"]}]},{\"@type\":\"ImageObject\",\"inLanguage\":\"es\",\"@id\":\"https:\/\/theferretofcomets.com\/index.php\/lista-de-objectos-finest-rasc\/#primaryimage\",\"url\":\"https:\/\/theferretofcomets.com\/wp-content\/uploads\/2022\/12\/printer-2-16.png\",\"contentUrl\":\"https:\/\/theferretofcomets.com\/wp-content\/uploads\/2022\/12\/printer-2-16.png\",\"width\":16,\"height\":16},{\"@type\":\"BreadcrumbList\",\"@id\":\"https:\/\/theferretofcomets.com\/index.php\/lista-de-objectos-finest-rasc\/#breadcrumb\",\"itemListElement\":[{\"@type\":\"ListItem\",\"position\":1,\"name\":\"Portada\",\"item\":\"https:\/\/theferretofcomets.com\/\"},{\"@type\":\"ListItem\",\"position\":2,\"name\":\"RASC&#8217;s Finest NGC\"}]},{\"@type\":\"WebSite\",\"@id\":\"https:\/\/theferretofcomets.com\/#website\",\"url\":\"https:\/\/theferretofcomets.com\/\",\"name\":\"El hur\u00f3n de los cometas\",\"description\":\"Un espacio dedicado a compartir recursos de astronom\u00eda visual\",\"publisher\":{\"@id\":\"https:\/\/theferretofcomets.com\/#\/schema\/person\/21758fafee97b39638896e14c634b712\"},\"potentialAction\":[{\"@type\":\"SearchAction\",\"target\":{\"@type\":\"EntryPoint\",\"urlTemplate\":\"https:\/\/theferretofcomets.com\/?s={search_term_string}\"},\"query-input\":{\"@type\":\"PropertyValueSpecification\",\"valueRequired\":true,\"valueName\":\"search_term_string\"}}],\"inLanguage\":\"es\"},{\"@type\":[\"Person\",\"Organization\"],\"@id\":\"https:\/\/theferretofcomets.com\/#\/schema\/person\/21758fafee97b39638896e14c634b712\",\"name\":\"Isra\",\"image\":{\"@type\":\"ImageObject\",\"inLanguage\":\"es\",\"@id\":\"https:\/\/theferretofcomets.com\/#\/schema\/person\/image\/\",\"url\":\"https:\/\/secure.gravatar.com\/avatar\/a3e48ebd948059cb04e1f8a60be30d660f924d72f4edba6b08df677c38ef3edb?s=96&d=mm&r=g\",\"contentUrl\":\"https:\/\/secure.gravatar.com\/avatar\/a3e48ebd948059cb04e1f8a60be30d660f924d72f4edba6b08df677c38ef3edb?s=96&d=mm&r=g\",\"caption\":\"Isra\"},\"logo\":{\"@id\":\"https:\/\/theferretofcomets.com\/#\/schema\/person\/image\/\"},\"sameAs\":[\"http:\/\/theferretofcomets.com\"]}]}<\/script>\n<!-- \/ Yoast SEO plugin. -->","yoast_head_json":{"title":"RASC's Finest NGC - El hur\u00f3n de los cometas","description":"Lista de objetos finest RASC proporcionada por la Royal Astronomy Society de Canada","robots":{"index":"index","follow":"follow","max-snippet":"max-snippet:-1","max-image-preview":"max-image-preview:large","max-video-preview":"max-video-preview:-1"},"canonical":"https:\/\/theferretofcomets.com\/index.php\/lista-de-objectos-finest-rasc\/","og_locale":"es_ES","og_type":"article","og_title":"RASC's Finest NGC - El hur\u00f3n de los cometas","og_description":"Lista de objetos finest RASC proporcionada por la Royal Astronomy Society de Canada","og_url":"https:\/\/theferretofcomets.com\/index.php\/lista-de-objectos-finest-rasc\/","og_site_name":"El hur\u00f3n de los cometas","article_modified_time":"2024-08-24T10:16:48+00:00","og_image":[{"url":"https:\/\/theferretofcomets.com\/wp-content\/uploads\/2022\/12\/printer-2-16.png","type":"","width":"","height":""}],"twitter_card":"summary_large_image","twitter_misc":{"Tiempo de lectura":"3 minutos"},"schema":{"@context":"https:\/\/schema.org","@graph":[{"@type":"WebPage","@id":"https:\/\/theferretofcomets.com\/index.php\/lista-de-objectos-finest-rasc\/","url":"https:\/\/theferretofcomets.com\/index.php\/lista-de-objectos-finest-rasc\/","name":"RASC's Finest NGC - El hur\u00f3n de los cometas","isPartOf":{"@id":"https:\/\/theferretofcomets.com\/#website"},"primaryImageOfPage":{"@id":"https:\/\/theferretofcomets.com\/index.php\/lista-de-objectos-finest-rasc\/#primaryimage"},"image":{"@id":"https:\/\/theferretofcomets.com\/index.php\/lista-de-objectos-finest-rasc\/#primaryimage"},"thumbnailUrl":"https:\/\/theferretofcomets.com\/wp-content\/uploads\/2022\/12\/printer-2-16.png","datePublished":"2023-07-14T10:18:19+00:00","dateModified":"2024-08-24T10:16:48+00:00","description":"Lista de objetos finest RASC proporcionada por la Royal Astronomy Society de Canada","breadcrumb":{"@id":"https:\/\/theferretofcomets.com\/index.php\/lista-de-objectos-finest-rasc\/#breadcrumb"},"inLanguage":"es","potentialAction":[{"@type":"ReadAction","target":["https:\/\/theferretofcomets.com\/index.php\/lista-de-objectos-finest-rasc\/"]}]},{"@type":"ImageObject","inLanguage":"es","@id":"https:\/\/theferretofcomets.com\/index.php\/lista-de-objectos-finest-rasc\/#primaryimage","url":"https:\/\/theferretofcomets.com\/wp-content\/uploads\/2022\/12\/printer-2-16.png","contentUrl":"https:\/\/theferretofcomets.com\/wp-content\/uploads\/2022\/12\/printer-2-16.png","width":16,"height":16},{"@type":"BreadcrumbList","@id":"https:\/\/theferretofcomets.com\/index.php\/lista-de-objectos-finest-rasc\/#breadcrumb","itemListElement":[{"@type":"ListItem","position":1,"name":"Portada","item":"https:\/\/theferretofcomets.com\/"},{"@type":"ListItem","position":2,"name":"RASC&#8217;s Finest NGC"}]},{"@type":"WebSite","@id":"https:\/\/theferretofcomets.com\/#website","url":"https:\/\/theferretofcomets.com\/","name":"El hur\u00f3n de los cometas","description":"Un espacio dedicado a compartir recursos de astronom\u00eda visual","publisher":{"@id":"https:\/\/theferretofcomets.com\/#\/schema\/person\/21758fafee97b39638896e14c634b712"},"potentialAction":[{"@type":"SearchAction","target":{"@type":"EntryPoint","urlTemplate":"https:\/\/theferretofcomets.com\/?s={search_term_string}"},"query-input":{"@type":"PropertyValueSpecification","valueRequired":true,"valueName":"search_term_string"}}],"inLanguage":"es"},{"@type":["Person","Organization"],"@id":"https:\/\/theferretofcomets.com\/#\/schema\/person\/21758fafee97b39638896e14c634b712","name":"Isra","image":{"@type":"ImageObject","inLanguage":"es","@id":"https:\/\/theferretofcomets.com\/#\/schema\/person\/image\/","url":"https:\/\/secure.gravatar.com\/avatar\/a3e48ebd948059cb04e1f8a60be30d660f924d72f4edba6b08df677c38ef3edb?s=96&d=mm&r=g","contentUrl":"https:\/\/secure.gravatar.com\/avatar\/a3e48ebd948059cb04e1f8a60be30d660f924d72f4edba6b08df677c38ef3edb?s=96&d=mm&r=g","caption":"Isra"},"logo":{"@id":"https:\/\/theferretofcomets.com\/#\/schema\/person\/image\/"},"sameAs":["http:\/\/theferretofcomets.com"]}]}},"_links":{"self":[{"href":"https:\/\/theferretofcomets.com\/index.php\/wp-json\/wp\/v2\/pages\/464","targetHints":{"allow":["GET"]}}],"collection":[{"href":"https:\/\/theferretofcomets.com\/index.php\/wp-json\/wp\/v2\/pages"}],"about":[{"href":"https:\/\/theferretofcomets.com\/index.php\/wp-json\/wp\/v2\/types\/page"}],"author":[{"embeddable":true,"href":"https:\/\/theferretofcomets.com\/index.php\/wp-json\/wp\/v2\/users\/1"}],"replies":[{"embeddable":true,"href":"https:\/\/theferretofcomets.com\/index.php\/wp-json\/wp\/v2\/comments?post=464"}],"version-history":[{"count":16,"href":"https:\/\/theferretofcomets.com\/index.php\/wp-json\/wp\/v2\/pages\/464\/revisions"}],"predecessor-version":[{"id":659,"href":"https:\/\/theferretofcomets.com\/index.php\/wp-json\/wp\/v2\/pages\/464\/revisions\/659"}],"wp:attachment":[{"href":"https:\/\/theferretofcomets.com\/index.php\/wp-json\/wp\/v2\/media?parent=464"}],"curies":[{"name":"wp","href":"https:\/\/api.w.org\/{rel}","templated":true}]}}