{"id":617,"date":"2024-07-12T18:50:20","date_gmt":"2024-07-12T16:50:20","guid":{"rendered":"https:\/\/theferretofcomets.com\/?page_id=617"},"modified":"2024-07-12T19:05:29","modified_gmt":"2024-07-12T17:05:29","slug":"otros-objetos","status":"publish","type":"page","link":"https:\/\/theferretofcomets.com\/index.php\/otros-objetos\/","title":{"rendered":"Otros objetos"},"content":{"rendered":"\n<p>Hasta que la lista de otros objetos sea m\u00e1s numerosa utilizar\u00e9 esta secci\u00f3n como caj\u00f3n de sastre d\u00f3nde ir almacenando aquellos objetos que no est\u00e1n en los cat\u00e1logos que ya est\u00e1n en la web.<\/p>\n\n\n\n<ul class=\"wp-block-list\">\n<li><a href=\"https:\/\/theferretofcomets.com\/wp-content\/uploads\/fichas\/quintetostephan_inv.pdf\" target=\"_blank\" rel=\"noreferrer noopener\">Quinteto de Stephan<\/a> &#8211; <a href=\"https:\/\/theferretofcomets.com\/wp-content\/uploads\/fichas\/quintetostephan.pdf\" target=\"_blank\" rel=\"noreferrer noopener\"><img loading=\"lazy\" decoding=\"async\" width=\"16\" height=\"16\" class=\"wp-image-347\" style=\"width: 16px;\" src=\"https:\/\/theferretofcomets.com\/wp-content\/uploads\/2022\/12\/printer-2-16.png\" alt=\"\"> Version imprimible<\/a><\/li>\n<\/ul>\n","protected":false},"excerpt":{"rendered":"<p>Hasta que la lista de otros objetos sea m\u00e1s numerosa utilizar\u00e9 esta secci\u00f3n como caj\u00f3n de sastre d\u00f3nde ir almacenando aquellos objetos que no est\u00e1n en los cat\u00e1logos que ya est\u00e1n en la web.<\/p>\n","protected":false},"author":1,"featured_media":0,"parent":0,"menu_order":0,"comment_status":"closed","ping_status":"closed","template":"","meta":{"_coblocks_attr":"","_coblocks_dimensions":"","_coblocks_responsive_height":"","_coblocks_accordion_ie_support":"","footnotes":""},"class_list":["post-617","page","type-page","status-publish","hentry"],"yoast_head":"<!-- This site is optimized with the Yoast SEO plugin v26.1.1 - https:\/\/yoast.com\/wordpress\/plugins\/seo\/ -->\n<title>Otros objetos - El hur\u00f3n de los cometas<\/title>\n<meta name=\"robots\" content=\"index, follow, max-snippet:-1, max-image-preview:large, max-video-preview:-1\" \/>\n<link rel=\"canonical\" href=\"https:\/\/theferretofcomets.com\/index.php\/otros-objetos\/\" \/>\n<meta property=\"og:locale\" content=\"es_ES\" \/>\n<meta property=\"og:type\" content=\"article\" \/>\n<meta property=\"og:title\" content=\"Otros objetos - El hur\u00f3n de los cometas\" \/>\n<meta property=\"og:description\" content=\"Hasta que la lista de otros objetos sea m\u00e1s numerosa utilizar\u00e9 esta secci\u00f3n como caj\u00f3n de sastre d\u00f3nde ir almacenando aquellos objetos que no est\u00e1n en los cat\u00e1logos que ya est\u00e1n en la web.\" \/>\n<meta property=\"og:url\" content=\"https:\/\/theferretofcomets.com\/index.php\/otros-objetos\/\" \/>\n<meta property=\"og:site_name\" content=\"El hur\u00f3n de los cometas\" \/>\n<meta property=\"article:modified_time\" content=\"2024-07-12T17:05:29+00:00\" \/>\n<meta property=\"og:image\" content=\"https:\/\/theferretofcomets.com\/wp-content\/uploads\/2022\/12\/printer-2-16.png\" \/>\n<meta name=\"twitter:card\" content=\"summary_large_image\" \/>\n<meta name=\"twitter:label1\" content=\"Tiempo de lectura\" \/>\n\t<meta name=\"twitter:data1\" content=\"1 minuto\" \/>\n<script type=\"application\/ld+json\" class=\"yoast-schema-graph\">{\"@context\":\"https:\/\/schema.org\",\"@graph\":[{\"@type\":\"WebPage\",\"@id\":\"https:\/\/theferretofcomets.com\/index.php\/otros-objetos\/\",\"url\":\"https:\/\/theferretofcomets.com\/index.php\/otros-objetos\/\",\"name\":\"Otros objetos - El hur\u00f3n de los cometas\",\"isPartOf\":{\"@id\":\"https:\/\/theferretofcomets.com\/#website\"},\"primaryImageOfPage\":{\"@id\":\"https:\/\/theferretofcomets.com\/index.php\/otros-objetos\/#primaryimage\"},\"image\":{\"@id\":\"https:\/\/theferretofcomets.com\/index.php\/otros-objetos\/#primaryimage\"},\"thumbnailUrl\":\"https:\/\/theferretofcomets.com\/wp-content\/uploads\/2022\/12\/printer-2-16.png\",\"datePublished\":\"2024-07-12T16:50:20+00:00\",\"dateModified\":\"2024-07-12T17:05:29+00:00\",\"breadcrumb\":{\"@id\":\"https:\/\/theferretofcomets.com\/index.php\/otros-objetos\/#breadcrumb\"},\"inLanguage\":\"es\",\"potentialAction\":[{\"@type\":\"ReadAction\",\"target\":[\"https:\/\/theferretofcomets.com\/index.php\/otros-objetos\/\"]}]},{\"@type\":\"ImageObject\",\"inLanguage\":\"es\",\"@id\":\"https:\/\/theferretofcomets.com\/index.php\/otros-objetos\/#primaryimage\",\"url\":\"https:\/\/theferretofcomets.com\/wp-content\/uploads\/2022\/12\/printer-2-16.png\",\"contentUrl\":\"https:\/\/theferretofcomets.com\/wp-content\/uploads\/2022\/12\/printer-2-16.png\",\"width\":16,\"height\":16},{\"@type\":\"BreadcrumbList\",\"@id\":\"https:\/\/theferretofcomets.com\/index.php\/otros-objetos\/#breadcrumb\",\"itemListElement\":[{\"@type\":\"ListItem\",\"position\":1,\"name\":\"Portada\",\"item\":\"https:\/\/theferretofcomets.com\/\"},{\"@type\":\"ListItem\",\"position\":2,\"name\":\"Otros objetos\"}]},{\"@type\":\"WebSite\",\"@id\":\"https:\/\/theferretofcomets.com\/#website\",\"url\":\"https:\/\/theferretofcomets.com\/\",\"name\":\"El hur\u00f3n de los cometas\",\"description\":\"Un espacio dedicado a compartir recursos de astronom\u00eda visual\",\"publisher\":{\"@id\":\"https:\/\/theferretofcomets.com\/#\/schema\/person\/21758fafee97b39638896e14c634b712\"},\"potentialAction\":[{\"@type\":\"SearchAction\",\"target\":{\"@type\":\"EntryPoint\",\"urlTemplate\":\"https:\/\/theferretofcomets.com\/?s={search_term_string}\"},\"query-input\":{\"@type\":\"PropertyValueSpecification\",\"valueRequired\":true,\"valueName\":\"search_term_string\"}}],\"inLanguage\":\"es\"},{\"@type\":[\"Person\",\"Organization\"],\"@id\":\"https:\/\/theferretofcomets.com\/#\/schema\/person\/21758fafee97b39638896e14c634b712\",\"name\":\"Isra\",\"image\":{\"@type\":\"ImageObject\",\"inLanguage\":\"es\",\"@id\":\"https:\/\/theferretofcomets.com\/#\/schema\/person\/image\/\",\"url\":\"https:\/\/secure.gravatar.com\/avatar\/a3e48ebd948059cb04e1f8a60be30d660f924d72f4edba6b08df677c38ef3edb?s=96&d=mm&r=g\",\"contentUrl\":\"https:\/\/secure.gravatar.com\/avatar\/a3e48ebd948059cb04e1f8a60be30d660f924d72f4edba6b08df677c38ef3edb?s=96&d=mm&r=g\",\"caption\":\"Isra\"},\"logo\":{\"@id\":\"https:\/\/theferretofcomets.com\/#\/schema\/person\/image\/\"},\"sameAs\":[\"http:\/\/theferretofcomets.com\"]}]}<\/script>\n<!-- \/ Yoast SEO plugin. -->","yoast_head_json":{"title":"Otros objetos - El hur\u00f3n de los cometas","robots":{"index":"index","follow":"follow","max-snippet":"max-snippet:-1","max-image-preview":"max-image-preview:large","max-video-preview":"max-video-preview:-1"},"canonical":"https:\/\/theferretofcomets.com\/index.php\/otros-objetos\/","og_locale":"es_ES","og_type":"article","og_title":"Otros objetos - El hur\u00f3n de los cometas","og_description":"Hasta que la lista de otros objetos sea m\u00e1s numerosa utilizar\u00e9 esta secci\u00f3n como caj\u00f3n de sastre d\u00f3nde ir almacenando aquellos objetos que no est\u00e1n en los cat\u00e1logos que ya est\u00e1n en la web.","og_url":"https:\/\/theferretofcomets.com\/index.php\/otros-objetos\/","og_site_name":"El hur\u00f3n de los cometas","article_modified_time":"2024-07-12T17:05:29+00:00","og_image":[{"url":"https:\/\/theferretofcomets.com\/wp-content\/uploads\/2022\/12\/printer-2-16.png","type":"","width":"","height":""}],"twitter_card":"summary_large_image","twitter_misc":{"Tiempo de lectura":"1 minuto"},"schema":{"@context":"https:\/\/schema.org","@graph":[{"@type":"WebPage","@id":"https:\/\/theferretofcomets.com\/index.php\/otros-objetos\/","url":"https:\/\/theferretofcomets.com\/index.php\/otros-objetos\/","name":"Otros objetos - El hur\u00f3n de los cometas","isPartOf":{"@id":"https:\/\/theferretofcomets.com\/#website"},"primaryImageOfPage":{"@id":"https:\/\/theferretofcomets.com\/index.php\/otros-objetos\/#primaryimage"},"image":{"@id":"https:\/\/theferretofcomets.com\/index.php\/otros-objetos\/#primaryimage"},"thumbnailUrl":"https:\/\/theferretofcomets.com\/wp-content\/uploads\/2022\/12\/printer-2-16.png","datePublished":"2024-07-12T16:50:20+00:00","dateModified":"2024-07-12T17:05:29+00:00","breadcrumb":{"@id":"https:\/\/theferretofcomets.com\/index.php\/otros-objetos\/#breadcrumb"},"inLanguage":"es","potentialAction":[{"@type":"ReadAction","target":["https:\/\/theferretofcomets.com\/index.php\/otros-objetos\/"]}]},{"@type":"ImageObject","inLanguage":"es","@id":"https:\/\/theferretofcomets.com\/index.php\/otros-objetos\/#primaryimage","url":"https:\/\/theferretofcomets.com\/wp-content\/uploads\/2022\/12\/printer-2-16.png","contentUrl":"https:\/\/theferretofcomets.com\/wp-content\/uploads\/2022\/12\/printer-2-16.png","width":16,"height":16},{"@type":"BreadcrumbList","@id":"https:\/\/theferretofcomets.com\/index.php\/otros-objetos\/#breadcrumb","itemListElement":[{"@type":"ListItem","position":1,"name":"Portada","item":"https:\/\/theferretofcomets.com\/"},{"@type":"ListItem","position":2,"name":"Otros objetos"}]},{"@type":"WebSite","@id":"https:\/\/theferretofcomets.com\/#website","url":"https:\/\/theferretofcomets.com\/","name":"El hur\u00f3n de los cometas","description":"Un espacio dedicado a compartir recursos de astronom\u00eda visual","publisher":{"@id":"https:\/\/theferretofcomets.com\/#\/schema\/person\/21758fafee97b39638896e14c634b712"},"potentialAction":[{"@type":"SearchAction","target":{"@type":"EntryPoint","urlTemplate":"https:\/\/theferretofcomets.com\/?s={search_term_string}"},"query-input":{"@type":"PropertyValueSpecification","valueRequired":true,"valueName":"search_term_string"}}],"inLanguage":"es"},{"@type":["Person","Organization"],"@id":"https:\/\/theferretofcomets.com\/#\/schema\/person\/21758fafee97b39638896e14c634b712","name":"Isra","image":{"@type":"ImageObject","inLanguage":"es","@id":"https:\/\/theferretofcomets.com\/#\/schema\/person\/image\/","url":"https:\/\/secure.gravatar.com\/avatar\/a3e48ebd948059cb04e1f8a60be30d660f924d72f4edba6b08df677c38ef3edb?s=96&d=mm&r=g","contentUrl":"https:\/\/secure.gravatar.com\/avatar\/a3e48ebd948059cb04e1f8a60be30d660f924d72f4edba6b08df677c38ef3edb?s=96&d=mm&r=g","caption":"Isra"},"logo":{"@id":"https:\/\/theferretofcomets.com\/#\/schema\/person\/image\/"},"sameAs":["http:\/\/theferretofcomets.com"]}]}},"_links":{"self":[{"href":"https:\/\/theferretofcomets.com\/index.php\/wp-json\/wp\/v2\/pages\/617","targetHints":{"allow":["GET"]}}],"collection":[{"href":"https:\/\/theferretofcomets.com\/index.php\/wp-json\/wp\/v2\/pages"}],"about":[{"href":"https:\/\/theferretofcomets.com\/index.php\/wp-json\/wp\/v2\/types\/page"}],"author":[{"embeddable":true,"href":"https:\/\/theferretofcomets.com\/index.php\/wp-json\/wp\/v2\/users\/1"}],"replies":[{"embeddable":true,"href":"https:\/\/theferretofcomets.com\/index.php\/wp-json\/wp\/v2\/comments?post=617"}],"version-history":[{"count":5,"href":"https:\/\/theferretofcomets.com\/index.php\/wp-json\/wp\/v2\/pages\/617\/revisions"}],"predecessor-version":[{"id":629,"href":"https:\/\/theferretofcomets.com\/index.php\/wp-json\/wp\/v2\/pages\/617\/revisions\/629"}],"wp:attachment":[{"href":"https:\/\/theferretofcomets.com\/index.php\/wp-json\/wp\/v2\/media?parent=617"}],"curies":[{"name":"wp","href":"https:\/\/api.w.org\/{rel}","templated":true}]}}